{"id":1032,"date":"2016-02-10T19:36:18","date_gmt":"2016-02-10T19:36:18","guid":{"rendered":"http:\/\/kidsworld.premiumthemes.in\/?page_id=1032"},"modified":"2020-11-18T14:34:24","modified_gmt":"2020-11-18T13:34:24","slug":"contact-reves-denfants-micro-creches-poissy","status":"publish","type":"page","link":"https:\/\/reves-denfants.fr\/index.php\/contact-reves-denfants-micro-creches-poissy\/","title":{"rendered":"Contactez r\u00eaves d&rsquo;enfants"},"content":{"rendered":"[vc_row][vc_column][vc_row_inner][vc_column_inner width=\u00a0\u00bb2\/3&Prime;]<div  class=\"center\" ><div style=\"font-size:27px; color:#8373ce; font-weight:bold; line-height:40px;\">\n\t\t\t\t\tRestez en contact avec<strong> nos micros cr\u00e8ches<\/strong>\n\t\t\t\t\t<\/div><\/div><div  class=\"swmsc_custom_dividers swmsc_dividers_circle text_align_center\" style=\"margin-top:20px;margin-bottom:40px;\"><span style=\"background-color:#e6e6e6;\"><\/span><span style=\"background-color:#e6e6e6;\"><\/span><span style=\"background-color:#e6e6e6;\"><\/span><span style=\"background-color:#e6e6e6;\"><\/span><\/div><div role=\"form\" class=\"wpcf7\" id=\"wpcf7-f1992-o1\" lang=\"fr-FR\" dir=\"ltr\">\n<div class=\"screen-reader-response\"><\/div>\n<form action=\"\/index.php\/wp-json\/wp\/v2\/pages\/1032#wpcf7-f1992-o1\" method=\"post\" class=\"wpcf7-form\" novalidate=\"novalidate\">\n<div style=\"display: none;\">\n<input type=\"hidden\" name=\"_wpcf7\" value=\"1992\" \/>\n<input type=\"hidden\" name=\"_wpcf7_version\" value=\"5.1.7\" \/>\n<input type=\"hidden\" name=\"_wpcf7_locale\" value=\"fr_FR\" \/>\n<input type=\"hidden\" name=\"_wpcf7_unit_tag\" value=\"wpcf7-f1992-o1\" \/>\n<input type=\"hidden\" name=\"_wpcf7_container_post\" value=\"0\" \/>\n<\/div>\n<p><label> Votre nom (obligatoire)<br \/>\n    <span class=\"wpcf7-form-control-wrap your-name\"><input type=\"text\" name=\"your-name\" value=\"\" size=\"40\" class=\"wpcf7-form-control wpcf7-text wpcf7-validates-as-required\" aria-required=\"true\" aria-invalid=\"false\" \/><\/span> <\/label><\/p>\n<p><label> Votre adresse de messagerie (obligatoire)<br \/>\n    <span class=\"wpcf7-form-control-wrap your-email\"><input type=\"email\" name=\"your-email\" value=\"\" size=\"40\" class=\"wpcf7-form-control wpcf7-text wpcf7-email wpcf7-validates-as-required wpcf7-validates-as-email\" aria-required=\"true\" aria-invalid=\"false\" \/><\/span> <\/label><\/p>\n<p><label> Objet<br \/>\n    <span class=\"wpcf7-form-control-wrap your-subject\"><input type=\"text\" name=\"your-subject\" value=\"\" size=\"40\" class=\"wpcf7-form-control wpcf7-text\" aria-invalid=\"false\" \/><\/span> <\/label><\/p>\n<p><label> Votre message<br \/>\n    <span class=\"wpcf7-form-control-wrap your-message\"><textarea name=\"your-message\" cols=\"40\" rows=\"10\" class=\"wpcf7-form-control wpcf7-textarea\" aria-invalid=\"false\"><\/textarea><\/span> <\/label><\/p>\n<p><input type=\"submit\" value=\"Envoyer\" class=\"wpcf7-form-control wpcf7-submit\" \/><\/p>\n<p style=\"display: none !important;\" class=\"akismet-fields-container\" data-prefix=\"_wpcf7_ak_\"><label>&#916;<textarea name=\"_wpcf7_ak_hp_textarea\" cols=\"45\" rows=\"8\" maxlength=\"100\"><\/textarea><\/label><input type=\"hidden\" id=\"ak_js_1\" name=\"_wpcf7_ak_js\" value=\"199\"\/><script>document.getElementById( \"ak_js_1\" ).setAttribute( \"value\", ( new Date() ).getTime() );<\/script><\/p><div class=\"wpcf7-response-output wpcf7-display-none\"><\/div><\/form><\/div>[\/vc_column_inner][vc_column_inner width=\u00a0\u00bb1\/3&Prime;]<div  class=\"center\" ><div style=\"font-size:27px; color:#8373ce; font-weight:bold; line-height:40px;\">\n\t\t\t\t\tNos Informations de Contact\n\t\t\t\t\t<\/div><\/div><div  class=\"center\" ><div style=\"font-size:27px; color:#8373ce; font-weight:bold; line-height:40px;\">\n\t\t\t\t\t\n\t\t\t\t\t<\/div><\/div><div  class=\"swmsc_custom_dividers swmsc_dividers_circle text_align_center\" style=\"margin-top:20px;margin-bottom:40px;\"><span style=\"background-color:#e6e6e6;\"><\/span><span style=\"background-color:#e6e6e6;\"><\/span><span style=\"background-color:#e6e6e6;\"><\/span><span style=\"background-color:#e6e6e6;\"><\/span><\/div><div  class=\"swmsc_text_block\" > Contactez nous afin d&rsquo;avoir plus d&rsquo;information<\/p>\n<p>du lundi au vendredi de 7h30 \u00e0 18h30<\/div><div  class=\"clear swmsc_gap\" style=\"margin:30px 0 0 0;\"><\/div><div   >\n\t\t\t\t\t\t<div class=\"swmsc_services_icons swmsc_responsive_services swmsc_services_item_left\" data-responsive=\"767\" data-margin=\"20\" >\n\t\t\t\t\t\t\t\t<div class=\"swmsc_services_item_holder swmsc_services_icon_small\" style=\"margin-right:20px;\">\n\t\t\t\t\t\t\t\t<span style=\"border:2px solid #adca69; border-radius:100%; background:#adca69;\">\n\t\t\t\t\t\t\t\t\t<i class=\"fa fa-map-marker\" style=\"color:#ffffff; margin-top:-2px;\"><\/i>\n\t\t\t\t\t\t\t\t<\/span>\n\t\t\t\t\t\t\t<\/div>\n\t\t\t\t\t\t\t<div class=\"swmsc_services_icon_content\">\n\t\t\t\t\t\t\t\t<h5 style=\"font-size:18px; color:#444444;margin-bottom:0px;\">Adresse :<\/h5>\n\t\t\t\t\t\t\t\t<strong>5-7 rue Charles Edouard Jeanneret<\/strong><br \/>\n<strong>78300 POISSY<\/strong>\n\t\t\t\t\t\t\t\t<\/div>\n\t\t\t\t\t\t\t<div class=\"clear\"><\/div>\n\t\t\t\t\t\t<\/div>\n\t\t\t\t\t\t<div class=\"clear\"><\/div>\n\t\t\t\t\t<\/div><div  class=\"clear swmsc_gap\" style=\"margin:25px 0 0 0;\"><\/div><div   >\n\t\t\t\t\t\t<div class=\"swmsc_services_icons swmsc_responsive_services swmsc_services_item_left\" data-responsive=\"767\" data-margin=\"20\" >\n\t\t\t\t\t\t\t\t<div class=\"swmsc_services_item_holder swmsc_services_icon_small\" style=\"margin-right:20px;\">\n\t\t\t\t\t\t\t\t<span style=\"border:2px solid #f47c7c; border-radius:100%; background:#f47c7c;\">\n\t\t\t\t\t\t\t\t\t<i class=\"fa fa-phone\" style=\"color:#ffffff; margin-top:-2px;\"><\/i>\n\t\t\t\t\t\t\t\t<\/span>\n\t\t\t\t\t\t\t<\/div>\n\t\t\t\t\t\t\t<div class=\"swmsc_services_icon_content\">\n\t\t\t\t\t\t\t\t<h5 style=\"font-size:18px; color:#666666;margin-bottom:0px;\">T\u00e9l\u00e9phone :<\/h5>\n\t\t\t\t\t\t\t\t<strong>06.35.84.34.13 \/<\/strong><\/p>\n<p><strong>01.39.72.40.00<\/strong>\n\t\t\t\t\t\t\t\t<\/div>\n\t\t\t\t\t\t\t<div class=\"clear\"><\/div>\n\t\t\t\t\t\t<\/div>\n\t\t\t\t\t\t<div class=\"clear\"><\/div>\n\t\t\t\t\t<\/div><div  class=\"clear swmsc_gap\" style=\"margin:25px 0 0 0;\"><\/div><div   >\n\t\t\t\t\t\t<div class=\"swmsc_services_icons swmsc_responsive_services swmsc_services_item_left\" data-responsive=\"767\" data-margin=\"20\" >\n\t\t\t\t\t\t\t\t<div class=\"swmsc_services_item_holder swmsc_services_icon_small\" style=\"margin-right:20px;\">\n\t\t\t\t\t\t\t\t<span style=\"border:2px solid #78d0e4; border-radius:100%; background:#78d0e4;\">\n\t\t\t\t\t\t\t\t\t<i class=\"fa fa-envelope-o\" style=\"color:#ffffff; margin-top:-2px;\"><\/i>\n\t\t\t\t\t\t\t\t<\/span>\n\t\t\t\t\t\t\t<\/div>\n\t\t\t\t\t\t\t<div class=\"swmsc_services_icon_content\">\n\t\t\t\t\t\t\t\t<h5 style=\"font-size:18px; color:#444444;margin-bottom:0px;\">Email:<\/h5>\n\t\t\t\t\t\t\t\t<strong>contact@reves-denfants.fr<\/strong>\n\t\t\t\t\t\t\t\t<\/div>\n\t\t\t\t\t\t\t<div class=\"clear\"><\/div>\n\t\t\t\t\t\t<\/div>\n\t\t\t\t\t\t<div class=\"clear\"><\/div>\n\t\t\t\t\t<\/div><div  class=\"clear swmsc_gap\" style=\"margin:25px 0 0 0;\"><\/div><div   >\n\t\t\t\t\t\t<div class=\"swmsc_services_icons swmsc_responsive_services swmsc_services_item_left\" data-responsive=\"767\" data-margin=\"20\" >\n\t\t\t\t\t\t\t\t<div class=\"swmsc_services_item_holder swmsc_services_icon_small\" style=\"margin-right:20px;\">\n\t\t\t\t\t\t\t\t<span style=\"border:2px solid #fbb44d; border-radius:100%; background:#fbb44d;\">\n\t\t\t\t\t\t\t\t\t<i class=\"fa fa-share-alt\" style=\"color:#ffffff; margin-top:-2px;\"><\/i>\n\t\t\t\t\t\t\t\t<\/span>\n\t\t\t\t\t\t\t<\/div>\n\t\t\t\t\t\t\t<div class=\"swmsc_services_icon_content\">\n\t\t\t\t\t\t\t\t<h5 style=\"font-size:18px; color:#444444;margin-bottom:10px;\">Suivez nous :<\/h5>\n\t\t\t\t\t\t\t\t<div  class=\"swmsc_sm_icons_sc\" >\n\t\t\t\t\t\t<ul>\n\t\t\t\t\t\t\t\n<li class=\"swmsc_sm_icons_li\"><a href=\"#\" class=\"tipUp\" title=\"Twitter\" target=\"_self\" style=\"background:#f2f2f2;color:#777777;\"><i class=\"fa fa-twitter\"><\/i><\/a><\/li>\n<li class=\"swmsc_sm_icons_li\"><a href=\"#\" class=\"tipUp\" title=\"Facebook\" target=\"_self\" style=\"background:#f2f2f2;color:#777777;\"><i class=\"fa fa-facebook\"><\/i><\/a><\/li>\n<li class=\"swmsc_sm_icons_li\"><a href=\"#\" class=\"tipUp\" title=\"Linkedin\" target=\"_self\" style=\"background:#f2f2f2;color:#777777;\"><i class=\"fa fa-linkedin\"><\/i><\/a><\/li>\n<li class=\"swmsc_sm_icons_li\"><a href=\"#\" class=\"tipUp\" title=\"Pinterest\" target=\"_self\" style=\"background:#f2f2f2;color:#777777;\"><i class=\"fa fa-pinterest\"><\/i><\/a><\/li>\n<li class=\"swmsc_sm_icons_li\"><a href=\"#\" class=\"tipUp\" title=\"Vimeo\" target=\"_self\" style=\"background:#f2f2f2;color:#777777;\"><i class=\"fa fa-vimeo\"><\/i><\/a><\/li>\n<li class=\"swmsc_sm_icons_li\"><a href=\"#\" class=\"tipUp\" title=\"Delicious\" target=\"_self\" style=\"background:#f2f2f2;color:#777777;\"><i class=\"fa fa-delicious\"><\/i><\/a><\/li>\n<li class=\"swmsc_sm_icons_li\"><a href=\"#\" class=\"tipUp\" title=\"Tumblr\" target=\"_self\" style=\"background:#f2f2f2;color:#777777;\"><i class=\"fa fa-tumblr\"><\/i><\/a><\/li>\n\n\t\t\t\t\t\t<\/ul>\n\t\t\t\t\t\t<div class=\"clear\"><\/div>\n\t\t\t\t\t<\/div>\n\t\t\t\t\t\t\t\t<\/div>\n\t\t\t\t\t\t\t<div class=\"clear\"><\/div>\n\t\t\t\t\t\t<\/div>\n\t\t\t\t\t\t<div class=\"clear\"><\/div>\n\t\t\t\t\t<\/div>[\/vc_column_inner][\/vc_row_inner][\/vc_column][\/vc_row][vc_row][vc_column][vc_gmaps link=\u00a0\u00bb#E-8_JTNDaWZyYW1lJTIwc3JjJTNEJTIyaHR0cHMlM0ElMkYlMkZ3d3cuZ29vZ2xlLmNvbSUyRm1hcHMlMkZlbWJlZCUzRnBiJTNEJTIxMW0xOCUyMTFtMTIlMjExbTMlMjExZDE4NTIuNzk1NzUzMTY0NzU5OCUyMTJkMi4wNjMzMDkxMDk0NTQxOCUyMTNkNDguOTQ4NzQ2NjQ4ODQ2NzMlMjEybTMlMjExZjAlMjEyZjAlMjEzZjAlMjEzbTIlMjExaTEwMjQlMjEyaTc2OCUyMTRmMTMuMSUyMTNtMyUyMTFtMiUyMTFzMHg0N2U2OGEyYzNmZDM2ZDNiJTI1M0EweDRiNTJjZGZkYzJmMzQyYjYlMjEyczUlMjUyMFJ1ZSUyNTIwQ2hhcmxlcyUyNTIwRWRvdWFyZCUyNTIwSmVhbm5lcmV0JTI1MkMlMjUyMDc4MzAwJTI1MjBQb2lzc3klMjE1ZTAlMjEzbTIlMjExc2ZyJTIxMnNmciUyMTR2MTU4NTY1OTgwNTcwMSUyMTVtMiUyMTFzZnIlMjEyc2ZyJTIyJTIwd2lkdGglM0QlMjI4MDAlMjIlMjBoZWlnaHQlM0QlMjI2MDAlMjIlMjBmcmFtZWJvcmRlciUzRCUyMjAlMjIlMjBzdHlsZSUzRCUyMmJvcmRlciUzQTAlM0IlMjIlMjBhbGxvd2Z1bGxzY3JlZW4lM0QlMjIlMjIlMjBhcmlhLWhpZGRlbiUzRCUyMmZhbHNlJTIyJTIwdGFiaW5kZXglM0QlMjIwJTIyJTNFJTNDJTJGaWZyYW1lJTNF\u00a0\u00bb][\/vc_column][\/vc_row]\n","protected":false},"excerpt":{"rendered":"<p>[vc_row][vc_column][vc_row_inner][vc_column_inner width=\u00a0\u00bb2\/3&Prime;][\/vc_column_inner][vc_column_inner width=\u00a0\u00bb1\/3&Prime;][\/vc_column_inner][\/vc_row_inner][\/vc_column][\/vc_row][vc_row][vc_column][vc_gmaps link=\u00a0\u00bb#E-8_JTNDaWZyYW1lJTIwc3JjJTNEJTIyaHR0cHMlM0ElMkYlMkZ3d3cuZ29vZ2xlLmNvbSUyRm1hcHMlMkZlbWJlZCUzRnBiJTNEJTIxMW0xOCUyMTFtMTIlMjExbTMlMjExZDE4NTIuNzk1NzUzMTY0NzU5OCUyMTJkMi4wNjMzMDkxMDk0NTQxOCUyMTNkNDguOTQ4NzQ2NjQ4ODQ2NzMlMjEybTMlMjExZjAlMjEyZjAlMjEzZjAlMjEzbTIlMjExaTEwMjQlMjEyaTc2OCUyMTRmMTMuMSUyMTNtMyUyMTFtMiUyMTFzMHg0N2U2OGEyYzNmZDM2ZDNiJTI1M0EweDRiNTJjZGZkYzJmMzQyYjYlMjEyczUlMjUyMFJ1ZSUyNTIwQ2hhcmxlcyUyNTIwRWRvdWFyZCUyNTIwSmVhbm5lcmV0JTI1MkMlMjUyMDc4MzAwJTI1MjBQb2lzc3klMjE1ZTAlMjEzbTIlMjExc2ZyJTIxMnNmciUyMTR2MTU4NTY1OTgwNTcwMSUyMTVtMiUyMTFzZnIlMjEyc2ZyJTIyJTIwd2lkdGglM0QlMjI4MDAlMjIlMjBoZWlnaHQlM0QlMjI2MDAlMjIlMjBmcmFtZWJvcmRlciUzRCUyMjAlMjIlMjBzdHlsZSUzRCUyMmJvcmRlciUzQTAlM0IlMjIlMjBhbGxvd2Z1bGxzY3JlZW4lM0QlMjIlMjIlMjBhcmlhLWhpZGRlbiUzRCUyMmZhbHNlJTIyJTIwdGFiaW5kZXglM0QlMjIwJTIyJTNFJTNDJTJGaWZyYW1lJTNF\u00a0\u00bb][\/vc_column][\/vc_row]<\/p>\n","protected":false},"author":1,"featured_media":0,"parent":0,"menu_order":0,"comment_status":"closed","ping_status":"closed","template":"","meta":{"footnotes":""},"class_list":["post-1032","page","type-page","status-publish","hentry"],"yoast_head":"<!-- This site is optimized with the Yoast SEO plugin v24.1 - https:\/\/yoast.com\/wordpress\/plugins\/seo\/ -->\n<title>Micro cr\u00e8ches Contactez r\u00eaves d&#039;enfants - 5-7 rue charles edouard Jeanneret78300 POISSY<\/title>\n<meta name=\"description\" content=\"Micro-cr\u00e8ches R\u00e8ves d&#039;enfants dispose de deux micros cr\u00e8ches contact 5-7 rue charles edouard Jeanneret78300 POISSY pour les enfants de 4 semaines \u00e0 4 ans\" \/>\n<meta name=\"robots\" content=\"index, follow, max-snippet:-1, max-image-preview:large, max-video-preview:-1\" \/>\n<link rel=\"canonical\" href=\"https:\/\/reves-denfants.fr\/index.php\/contact-reves-denfants-micro-creches-poissy\/\" \/>\n<meta property=\"og:locale\" content=\"fr_FR\" \/>\n<meta property=\"og:type\" content=\"article\" \/>\n<meta property=\"og:title\" content=\"Micro cr\u00e8ches Contactez r\u00eaves d&#039;enfants - 5-7 rue charles edouard Jeanneret78300 POISSY\" \/>\n<meta property=\"og:description\" content=\"Micro-cr\u00e8ches R\u00e8ves d&#039;enfants dispose de deux micros cr\u00e8ches contact 5-7 rue charles edouard Jeanneret78300 POISSY pour les enfants de 4 semaines \u00e0 4 ans\" \/>\n<meta property=\"og:url\" content=\"https:\/\/reves-denfants.fr\/index.php\/contact-reves-denfants-micro-creches-poissy\/\" \/>\n<meta property=\"og:site_name\" content=\"Micro-cr\u00eaches R\u00eaves d&#039;enfants\" \/>\n<meta property=\"article:modified_time\" content=\"2020-11-18T13:34:24+00:00\" \/>\n<meta property=\"og:image\" content=\"https:\/\/reves-denfants.fr\/wp-content\/uploads\/2020\/02\/LOGO-REVES-D-ENFANTS-2020.png\" \/>\n\t<meta property=\"og:image:width\" content=\"1238\" \/>\n\t<meta property=\"og:image:height\" content=\"560\" \/>\n\t<meta property=\"og:image:type\" content=\"image\/png\" \/>\n<meta name=\"twitter:card\" content=\"summary_large_image\" \/>\n<meta name=\"twitter:label1\" content=\"Dur\u00e9e de lecture estim\u00e9e\" \/>\n\t<meta name=\"twitter:data1\" content=\"3 minutes\" \/>\n<script type=\"application\/ld+json\" class=\"yoast-schema-graph\">{\"@context\":\"https:\/\/schema.org\",\"@graph\":[{\"@type\":\"WebPage\",\"@id\":\"https:\/\/reves-denfants.fr\/index.php\/contact-reves-denfants-micro-creches-poissy\/\",\"url\":\"https:\/\/reves-denfants.fr\/index.php\/contact-reves-denfants-micro-creches-poissy\/\",\"name\":\"Micro cr\u00e8ches Contactez r\u00eaves d'enfants - 5-7 rue charles edouard Jeanneret78300 POISSY\",\"isPartOf\":{\"@id\":\"https:\/\/reves-denfants.fr\/#website\"},\"datePublished\":\"2016-02-10T19:36:18+00:00\",\"dateModified\":\"2020-11-18T13:34:24+00:00\",\"description\":\"Micro-cr\u00e8ches R\u00e8ves d'enfants dispose de deux micros cr\u00e8ches contact 5-7 rue charles edouard Jeanneret78300 POISSY pour les enfants de 4 semaines \u00e0 4 ans\",\"breadcrumb\":{\"@id\":\"https:\/\/reves-denfants.fr\/index.php\/contact-reves-denfants-micro-creches-poissy\/#breadcrumb\"},\"inLanguage\":\"fr-FR\",\"potentialAction\":[{\"@type\":\"ReadAction\",\"target\":[\"https:\/\/reves-denfants.fr\/index.php\/contact-reves-denfants-micro-creches-poissy\/\"]}]},{\"@type\":\"BreadcrumbList\",\"@id\":\"https:\/\/reves-denfants.fr\/index.php\/contact-reves-denfants-micro-creches-poissy\/#breadcrumb\",\"itemListElement\":[{\"@type\":\"ListItem\",\"position\":1,\"name\":\"Accueil\",\"item\":\"https:\/\/reves-denfants.fr\/\"},{\"@type\":\"ListItem\",\"position\":2,\"name\":\"Contactez r\u00eaves d&rsquo;enfants\"}]},{\"@type\":\"WebSite\",\"@id\":\"https:\/\/reves-denfants.fr\/#website\",\"url\":\"https:\/\/reves-denfants.fr\/\",\"name\":\"Micro-cr\u00eaches R\u00eaves d&#039;enfants\",\"description\":\"Nos micro-cr\u00eaches \u00e0 Poissy\",\"potentialAction\":[{\"@type\":\"SearchAction\",\"target\":{\"@type\":\"EntryPoint\",\"urlTemplate\":\"https:\/\/reves-denfants.fr\/?s={search_term_string}\"},\"query-input\":{\"@type\":\"PropertyValueSpecification\",\"valueRequired\":true,\"valueName\":\"search_term_string\"}}],\"inLanguage\":\"fr-FR\"}]}<\/script>\n<!-- \/ Yoast SEO plugin. -->","yoast_head_json":{"title":"Micro cr\u00e8ches Contactez r\u00eaves d'enfants - 5-7 rue charles edouard Jeanneret78300 POISSY","description":"Micro-cr\u00e8ches R\u00e8ves d'enfants dispose de deux micros cr\u00e8ches contact 5-7 rue charles edouard Jeanneret78300 POISSY pour les enfants de 4 semaines \u00e0 4 ans","robots":{"index":"index","follow":"follow","max-snippet":"max-snippet:-1","max-image-preview":"max-image-preview:large","max-video-preview":"max-video-preview:-1"},"canonical":"https:\/\/reves-denfants.fr\/index.php\/contact-reves-denfants-micro-creches-poissy\/","og_locale":"fr_FR","og_type":"article","og_title":"Micro cr\u00e8ches Contactez r\u00eaves d'enfants - 5-7 rue charles edouard Jeanneret78300 POISSY","og_description":"Micro-cr\u00e8ches R\u00e8ves d'enfants dispose de deux micros cr\u00e8ches contact 5-7 rue charles edouard Jeanneret78300 POISSY pour les enfants de 4 semaines \u00e0 4 ans","og_url":"https:\/\/reves-denfants.fr\/index.php\/contact-reves-denfants-micro-creches-poissy\/","og_site_name":"Micro-cr\u00eaches R\u00eaves d&#039;enfants","article_modified_time":"2020-11-18T13:34:24+00:00","og_image":[{"width":1238,"height":560,"url":"https:\/\/reves-denfants.fr\/wp-content\/uploads\/2020\/02\/LOGO-REVES-D-ENFANTS-2020.png","type":"image\/png"}],"twitter_card":"summary_large_image","twitter_misc":{"Dur\u00e9e de lecture estim\u00e9e":"3 minutes"},"schema":{"@context":"https:\/\/schema.org","@graph":[{"@type":"WebPage","@id":"https:\/\/reves-denfants.fr\/index.php\/contact-reves-denfants-micro-creches-poissy\/","url":"https:\/\/reves-denfants.fr\/index.php\/contact-reves-denfants-micro-creches-poissy\/","name":"Micro cr\u00e8ches Contactez r\u00eaves d'enfants - 5-7 rue charles edouard Jeanneret78300 POISSY","isPartOf":{"@id":"https:\/\/reves-denfants.fr\/#website"},"datePublished":"2016-02-10T19:36:18+00:00","dateModified":"2020-11-18T13:34:24+00:00","description":"Micro-cr\u00e8ches R\u00e8ves d'enfants dispose de deux micros cr\u00e8ches contact 5-7 rue charles edouard Jeanneret78300 POISSY pour les enfants de 4 semaines \u00e0 4 ans","breadcrumb":{"@id":"https:\/\/reves-denfants.fr\/index.php\/contact-reves-denfants-micro-creches-poissy\/#breadcrumb"},"inLanguage":"fr-FR","potentialAction":[{"@type":"ReadAction","target":["https:\/\/reves-denfants.fr\/index.php\/contact-reves-denfants-micro-creches-poissy\/"]}]},{"@type":"BreadcrumbList","@id":"https:\/\/reves-denfants.fr\/index.php\/contact-reves-denfants-micro-creches-poissy\/#breadcrumb","itemListElement":[{"@type":"ListItem","position":1,"name":"Accueil","item":"https:\/\/reves-denfants.fr\/"},{"@type":"ListItem","position":2,"name":"Contactez r\u00eaves d&rsquo;enfants"}]},{"@type":"WebSite","@id":"https:\/\/reves-denfants.fr\/#website","url":"https:\/\/reves-denfants.fr\/","name":"Micro-cr\u00eaches R\u00eaves d&#039;enfants","description":"Nos micro-cr\u00eaches \u00e0 Poissy","potentialAction":[{"@type":"SearchAction","target":{"@type":"EntryPoint","urlTemplate":"https:\/\/reves-denfants.fr\/?s={search_term_string}"},"query-input":{"@type":"PropertyValueSpecification","valueRequired":true,"valueName":"search_term_string"}}],"inLanguage":"fr-FR"}]}},"_links":{"self":[{"href":"https:\/\/reves-denfants.fr\/index.php\/wp-json\/wp\/v2\/pages\/1032","targetHints":{"allow":["GET"]}}],"collection":[{"href":"https:\/\/reves-denfants.fr\/index.php\/wp-json\/wp\/v2\/pages"}],"about":[{"href":"https:\/\/reves-denfants.fr\/index.php\/wp-json\/wp\/v2\/types\/page"}],"author":[{"embeddable":true,"href":"https:\/\/reves-denfants.fr\/index.php\/wp-json\/wp\/v2\/users\/1"}],"replies":[{"embeddable":true,"href":"https:\/\/reves-denfants.fr\/index.php\/wp-json\/wp\/v2\/comments?post=1032"}],"version-history":[{"count":14,"href":"https:\/\/reves-denfants.fr\/index.php\/wp-json\/wp\/v2\/pages\/1032\/revisions"}],"predecessor-version":[{"id":2072,"href":"https:\/\/reves-denfants.fr\/index.php\/wp-json\/wp\/v2\/pages\/1032\/revisions\/2072"}],"wp:attachment":[{"href":"https:\/\/reves-denfants.fr\/index.php\/wp-json\/wp\/v2\/media?parent=1032"}],"curies":[{"name":"wp","href":"https:\/\/api.w.org\/{rel}","templated":true}]}}